{"id":160,"date":"2025-09-04T15:33:26","date_gmt":"2025-09-04T15:33:26","guid":{"rendered":"https:\/\/arsenevacher.alwaysdata.net\/pro\/?page_id=160"},"modified":"2025-09-22T12:52:13","modified_gmt":"2025-09-22T12:52:13","slug":"mentions-legales","status":"publish","type":"page","link":"https:\/\/arsenevacher.alwaysdata.net\/pro\/?page_id=160","title":{"rendered":"Mentions l\u00e9gales"},"content":{"rendered":"\t\t<div data-elementor-type=\"wp-page\" data-elementor-id=\"160\" class=\"elementor elementor-160\">\n\t\t\t\t<div class=\"elementor-element elementor-element-3ac9366 e-flex e-con-boxed e-con e-parent\" data-id=\"3ac9366\" data-element_type=\"container\">\n\t\t\t\t\t<div class=\"e-con-inner\">\n\t\t<div class=\"elementor-element elementor-element-f74c8a4 e-con-full e-flex e-con e-child\" data-id=\"f74c8a4\" data-element_type=\"container\" data-settings=\"{&quot;background_background&quot;:&quot;classic&quot;,&quot;position&quot;:&quot;fixed&quot;}\">\n\t\t\t\t<div class=\"elementor-element elementor-element-aaaaa79 elementor-widget__width-initial elementor-widget elementor-widget-image\" data-id=\"aaaaa79\" data-element_type=\"widget\" data-widget_type=\"image.default\">\n\t\t\t\t\t\t\t\t\t\t\t\t\t\t\t\t<a href=\"https:\/\/arsenevacher.alwaysdata.net\/pro\/\">\n\t\t\t\t\t\t\t<img decoding=\"async\" src=\"https:\/\/arsenevacher.alwaysdata.net\/pro\/wp-content\/uploads\/2025\/09\/Logo-06.png\" title=\"Logo-06\" alt=\"Logo-06\" class=\"elementor-animation-grow\" loading=\"lazy\" \/>\t\t\t\t\t\t\t\t<\/a>\n\t\t\t\t\t\t\t\t\t\t\t\t\t\t\t<\/div>\n\t\t<div class=\"elementor-element elementor-element-309c0ed e-con-full e-flex e-con e-child\" data-id=\"309c0ed\" data-element_type=\"container\">\n\t\t\t\t<div class=\"elementor-element elementor-element-236abb7 elementor-widget elementor-widget-heading\" data-id=\"236abb7\" data-element_type=\"widget\" data-widget_type=\"heading.default\">\n\t\t\t\t\t<h2 class=\"elementor-heading-title elementor-size-default\"><a href=\"https:\/\/arsenevacher.alwaysdata.net\/pro\/?page_id=137\">Services<\/a><\/h2>\t\t\t\t<\/div>\n\t\t\t\t<div class=\"elementor-element elementor-element-8ce4af3 elementor-widget elementor-widget-heading\" data-id=\"8ce4af3\" data-element_type=\"widget\" data-widget_type=\"heading.default\">\n\t\t\t\t\t<h2 class=\"elementor-heading-title elementor-size-default\"><a href=\"https:\/\/arsenevacher.alwaysdata.net\/pro\/?page_id=135\">Travail<\/a><\/h2>\t\t\t\t<\/div>\n\t\t\t\t<div class=\"elementor-element elementor-element-bb80f02 elementor-widget elementor-widget-heading\" data-id=\"bb80f02\" data-element_type=\"widget\" data-widget_type=\"heading.default\">\n\t\t\t\t\t<h2 class=\"elementor-heading-title elementor-size-default\"><a href=\"https:\/\/arsenevacher.alwaysdata.net\/pro\/?page_id=139\">Contact<\/a><\/h2>\t\t\t\t<\/div>\n\t\t\t\t<\/div>\n\t\t\t\t<\/div>\n\t\t<div class=\"elementor-element elementor-element-4d4ac7c e-con-full e-flex e-con e-child\" data-id=\"4d4ac7c\" data-element_type=\"container\">\n\t\t\t\t<div class=\"elementor-element elementor-element-8e2498d elementor-widget elementor-widget-heading\" data-id=\"8e2498d\" data-element_type=\"widget\" data-widget_type=\"heading.default\">\n\t\t\t\t\t<h2 class=\"elementor-heading-title elementor-size-default\">Mentions l\u00e9gales<\/h2>\t\t\t\t<\/div>\n\t\t\t\t<div class=\"elementor-element elementor-element-e80a237 elementor-widget__width-initial elementor-widget elementor-widget-heading\" data-id=\"e80a237\" data-element_type=\"widget\" data-widget_type=\"heading.default\">\n\t\t\t\t\t<h2 class=\"elementor-heading-title elementor-size-default\"><b>\u00c9diteur du site<\/b><br>Le site est \u00e9dit\u00e9 par Ars\u00e8ne Vacher, micro-entreprise enregistr\u00e9e sous le nom Ars\u00e8ne Vacher EI.<\/h2>\t\t\t\t<\/div>\n\t\t\t\t<div class=\"elementor-element elementor-element-a1d5934 elementor-widget__width-initial elementor-widget elementor-widget-heading\" data-id=\"a1d5934\" data-element_type=\"widget\" data-widget_type=\"heading.default\">\n\t\t\t\t\t<h2 class=\"elementor-heading-title elementor-size-default\"><b>Coordonn\u00e9es de l\u2019\u00e9diteur<\/b><br>Nom : Ars\u00e8ne Vacher<br>Statut : Micro-entrepreneur (EI)<br>E-mail : a.vacherpro@gmail.com<br>T\u00e9l\u00e9phone : +33 6 85 29 33 97<\/h2>\t\t\t\t<\/div>\n\t\t\t\t<div class=\"elementor-element elementor-element-9dd0f1d elementor-widget__width-initial elementor-widget elementor-widget-heading\" data-id=\"9dd0f1d\" data-element_type=\"widget\" data-widget_type=\"heading.default\">\n\t\t\t\t\t<h2 class=\"elementor-heading-title elementor-size-default\"><b>H\u00e9bergeur du site<\/b><br>Le site est h\u00e9berg\u00e9 par la soci\u00e9t\u00e9 ALWAYSDATA, dont le si\u00e8ge social est situ\u00e9 :\n91 rue du Faubourg Saint-Honor\u00e9, 75008 Paris, France\nSite web : <i>https:\/\/www.alwaysdata.com<\/i><\/h2>\t\t\t\t<\/div>\n\t\t\t\t<div class=\"elementor-element elementor-element-8b6e5df elementor-widget__width-initial elementor-widget elementor-widget-heading\" data-id=\"8b6e5df\" data-element_type=\"widget\" data-widget_type=\"heading.default\">\n\t\t\t\t\t<h2 class=\"elementor-heading-title elementor-size-default\"><b>Acc\u00e8s au site<\/b><br>Le site est accessible 7 jours sur 7, 24 heures sur 24, sauf interruption en cas de maintenance ou de force majeure. L\u2019\u00e9diteur ne saurait \u00eatre tenu pour responsable des \u00e9ventuelles indisponibilit\u00e9s.<\/h2>\t\t\t\t<\/div>\n\t\t\t\t<div class=\"elementor-element elementor-element-ca5cda8 elementor-widget__width-initial elementor-widget elementor-widget-heading\" data-id=\"ca5cda8\" data-element_type=\"widget\" data-widget_type=\"heading.default\">\n\t\t\t\t\t<h2 class=\"elementor-heading-title elementor-size-default\"><b>Propri\u00e9t\u00e9 intellectuelle<\/b><br>Les contenus visuels, photographiques, textuels, logos et cr\u00e9ations pr\u00e9sents sur le site sont prot\u00e9g\u00e9s par le droit d\u2019auteur et la propri\u00e9t\u00e9 intellectuelle. Toute reproduction, m\u00eame partielle, est interdite sauf autorisation \u00e9crite pr\u00e9alable.<\/h2>\t\t\t\t<\/div>\n\t\t\t\t<div class=\"elementor-element elementor-element-8ebbd8a elementor-widget__width-initial elementor-widget elementor-widget-heading\" data-id=\"8ebbd8a\" data-element_type=\"widget\" data-widget_type=\"heading.default\">\n\t\t\t\t\t<h2 class=\"elementor-heading-title elementor-size-default\"><b>Responsabilit\u00e9<\/b><br>L\u2019\u00e9diteur met tout en \u0153uvre pour assurer l\u2019exactitude et la mise \u00e0 jour des informations publi\u00e9es, mais ne peut garantir qu\u2019elles soient exhaustives. L\u2019utilisateur est invit\u00e9 \u00e0 signaler toute erreur ou omission.<\/h2>\t\t\t\t<\/div>\n\t\t\t\t<\/div>\n\t\t<div class=\"elementor-element elementor-element-b623373 e-con-full e-flex e-con e-child\" data-id=\"b623373\" data-element_type=\"container\">\n\t\t\t\t<div class=\"elementor-element elementor-element-56fb3f2 elementor-widget elementor-widget-heading\" data-id=\"56fb3f2\" data-element_type=\"widget\" data-widget_type=\"heading.default\">\n\t\t\t\t\t<h2 class=\"elementor-heading-title elementor-size-default\">Copyright \u00a9 2025. Tous droits r\u00e9serv\u00e9s.<\/h2>\t\t\t\t<\/div>\n\t\t\t\t<div class=\"elementor-element elementor-element-c1c3564 elementor-widget elementor-widget-heading\" data-id=\"c1c3564\" data-element_type=\"widget\" data-widget_type=\"heading.default\">\n\t\t\t\t\t<h2 class=\"elementor-heading-title elementor-size-default\"><a href=\"https:\/\/arsenevacher.alwaysdata.net\/pro\/?page_id=160\">Mentions l\u00e9gales\u200b<\/a><\/h2>\t\t\t\t<\/div>\n\t\t\t\t<\/div>\n\t\t\t\t\t<\/div>\n\t\t\t\t<\/div>\n\t\t\t\t<\/div>\n\t\t","protected":false},"excerpt":{"rendered":"<p>Services Travail Contact Mentions l\u00e9gales \u00c9diteur du siteLe site est \u00e9dit\u00e9 par Ars\u00e8ne Vacher, micro-entreprise enregistr\u00e9e sous le nom Ars\u00e8ne Vacher EI. Coordonn\u00e9es de l\u2019\u00e9diteurNom : Ars\u00e8ne VacherStatut : Micro-entrepreneur (EI)E-mail : a.vacherpro@gmail.comT\u00e9l\u00e9phone : +33 6 85 29 33 97 H\u00e9bergeur du siteLe site est h\u00e9berg\u00e9 par la soci\u00e9t\u00e9 ALWAYSDATA, dont le si\u00e8ge social est [&hellip;]<\/p>\n","protected":false},"author":1,"featured_media":0,"parent":0,"menu_order":0,"comment_status":"closed","ping_status":"closed","template":"elementor_canvas","meta":{"footnotes":""},"class_list":["post-160","page","type-page","status-publish","hentry"],"_links":{"self":[{"href":"https:\/\/arsenevacher.alwaysdata.net\/pro\/index.php?rest_route=\/wp\/v2\/pages\/160","targetHints":{"allow":["GET"]}}],"collection":[{"href":"https:\/\/arsenevacher.alwaysdata.net\/pro\/index.php?rest_route=\/wp\/v2\/pages"}],"about":[{"href":"https:\/\/arsenevacher.alwaysdata.net\/pro\/index.php?rest_route=\/wp\/v2\/types\/page"}],"author":[{"embeddable":true,"href":"https:\/\/arsenevacher.alwaysdata.net\/pro\/index.php?rest_route=\/wp\/v2\/users\/1"}],"replies":[{"embeddable":true,"href":"https:\/\/arsenevacher.alwaysdata.net\/pro\/index.php?rest_route=%2Fwp%2Fv2%2Fcomments&post=160"}],"version-history":[{"count":24,"href":"https:\/\/arsenevacher.alwaysdata.net\/pro\/index.php?rest_route=\/wp\/v2\/pages\/160\/revisions"}],"predecessor-version":[{"id":558,"href":"https:\/\/arsenevacher.alwaysdata.net\/pro\/index.php?rest_route=\/wp\/v2\/pages\/160\/revisions\/558"}],"wp:attachment":[{"href":"https:\/\/arsenevacher.alwaysdata.net\/pro\/index.php?rest_route=%2Fwp%2Fv2%2Fmedia&parent=160"}],"curies":[{"name":"wp","href":"https:\/\/api.w.org\/{rel}","templated":true}]}}