{"id":15,"date":"2025-09-02T15:36:44","date_gmt":"2025-09-02T15:36:44","guid":{"rendered":"https:\/\/arsenevacher.alwaysdata.net\/pro\/?page_id=15"},"modified":"2025-12-21T22:45:14","modified_gmt":"2025-12-21T22:45:14","slug":"main","status":"publish","type":"page","link":"https:\/\/arsenevacher.alwaysdata.net\/pro\/","title":{"rendered":"Accueil"},"content":{"rendered":"\t\t<div data-elementor-type=\"wp-page\" data-elementor-id=\"15\" class=\"elementor elementor-15\">\n\t\t\t\t<div class=\"elementor-element elementor-element-1cfc92a e-flex e-con-boxed e-con e-parent\" data-id=\"1cfc92a\" data-element_type=\"container\" data-settings=\"{&quot;background_background&quot;:&quot;classic&quot;,&quot;position&quot;:&quot;fixed&quot;}\">\n\t\t\t\t\t<div class=\"e-con-inner\">\n\t\t\t\t<div class=\"elementor-element elementor-element-29d2c04 elementor-widget__width-initial elementor-widget elementor-widget-image\" data-id=\"29d2c04\" data-element_type=\"widget\" data-widget_type=\"image.default\">\n\t\t\t\t\t\t\t\t\t\t\t\t\t\t\t\t<a href=\"https:\/\/arsenevacher.alwaysdata.net\/pro\/\">\n\t\t\t\t\t\t\t<img decoding=\"async\" src=\"https:\/\/arsenevacher.alwaysdata.net\/pro\/wp-content\/uploads\/2025\/09\/Logo-06.png\" title=\"Logo-06\" alt=\"Logo-06\" class=\"elementor-animation-grow\" loading=\"lazy\" \/>\t\t\t\t\t\t\t\t<\/a>\n\t\t\t\t\t\t\t\t\t\t\t\t\t\t\t<\/div>\n\t\t<div class=\"elementor-element elementor-element-8bb8866 e-con-full e-flex e-con e-child\" data-id=\"8bb8866\" data-element_type=\"container\">\n\t\t\t\t<div class=\"elementor-element elementor-element-56148d8 elementor-widget elementor-widget-heading\" data-id=\"56148d8\" data-element_type=\"widget\" data-widget_type=\"heading.default\">\n\t\t\t\t\t<h2 class=\"elementor-heading-title elementor-size-default\"><a href=\"https:\/\/arsenevacher.alwaysdata.net\/pro\/?page_id=137\">Services<\/a><\/h2>\t\t\t\t<\/div>\n\t\t\t\t<div class=\"elementor-element elementor-element-a3add68 elementor-widget elementor-widget-heading\" data-id=\"a3add68\" data-element_type=\"widget\" data-widget_type=\"heading.default\">\n\t\t\t\t\t<h2 class=\"elementor-heading-title elementor-size-default\"><a href=\"https:\/\/arsenevacher.alwaysdata.net\/pro\/?page_id=135\">Travail<\/a><\/h2>\t\t\t\t<\/div>\n\t\t\t\t<div class=\"elementor-element elementor-element-b730b0d elementor-widget elementor-widget-heading\" data-id=\"b730b0d\" data-element_type=\"widget\" data-widget_type=\"heading.default\">\n\t\t\t\t\t<h2 class=\"elementor-heading-title elementor-size-default\"><a href=\"https:\/\/arsenevacher.alwaysdata.net\/pro\/?page_id=139\">Contact<\/a><\/h2>\t\t\t\t<\/div>\n\t\t\t\t<\/div>\n\t\t\t\t\t<\/div>\n\t\t\t\t<\/div>\n\t\t<div class=\"elementor-element elementor-element-f15ac17 e-flex e-con-boxed e-con e-parent\" data-id=\"f15ac17\" data-element_type=\"container\">\n\t\t\t\t\t<div class=\"e-con-inner\">\n\t\t\t\t<div class=\"elementor-element elementor-element-c3b2527 elementor-widget elementor-widget-heading\" data-id=\"c3b2527\" data-element_type=\"widget\" data-widget_type=\"heading.default\">\n\t\t\t\t\t<h2 class=\"elementor-heading-title elementor-size-default\">ARS\u00c8NE VACHER<\/h2>\t\t\t\t<\/div>\n\t\t\t\t<div class=\"elementor-element elementor-element-7d104ca elementor-widget elementor-widget-heading\" data-id=\"7d104ca\" data-element_type=\"widget\" data-widget_type=\"heading.default\">\n\t\t\t\t\t<h2 class=\"elementor-heading-title elementor-size-default\">\" Graphiste freelance \"<\/h2>\t\t\t\t<\/div>\n\t\t<div class=\"elementor-element elementor-element-4f7d90c e-con-full e-flex e-con e-child\" data-id=\"4f7d90c\" data-element_type=\"container\">\n\t\t\t\t<div class=\"elementor-element elementor-element-b6d58ba elementor-widget elementor-widget-button\" data-id=\"b6d58ba\" data-element_type=\"widget\" data-widget_type=\"button.default\">\n\t\t\t\t\t\t\t\t\t\t<a class=\"elementor-button elementor-button-link elementor-size-sm\" href=\"https:\/\/arsenevacher.alwaysdata.net\/pro\/?page_id=137\">\n\t\t\t\t\t\t<span class=\"elementor-button-content-wrapper\">\n\t\t\t\t\t\t\t\t\t<span class=\"elementor-button-text\">Services<\/span>\n\t\t\t\t\t<\/span>\n\t\t\t\t\t<\/a>\n\t\t\t\t\t\t\t\t<\/div>\n\t\t\t\t<div class=\"elementor-element elementor-element-8e2a687 elementor-view-framed elementor-shape-circle elementor-widget elementor-widget-icon\" data-id=\"8e2a687\" data-element_type=\"widget\" data-widget_type=\"icon.default\">\n\t\t\t\t\t\t\t<div class=\"elementor-icon-wrapper\">\n\t\t\t<a class=\"elementor-icon\" href=\"https:\/\/arsenevacher.alwaysdata.net\/pro\/?page_id=137\">\n\t\t\t<svg aria-hidden=\"true\" class=\"e-font-icon-svg e-fas-arrow-right\" viewBox=\"0 0 448 512\" xmlns=\"http:\/\/www.w3.org\/2000\/svg\"><path d=\"M190.5 66.9l22.2-22.2c9.4-9.4 24.6-9.4 33.9 0L441 239c9.4 9.4 9.4 24.6 0 33.9L246.6 467.3c-9.4 9.4-24.6 9.4-33.9 0l-22.2-22.2c-9.5-9.5-9.3-25 .4-34.3L311.4 296H24c-13.3 0-24-10.7-24-24v-32c0-13.3 10.7-24 24-24h287.4L190.9 101.2c-9.8-9.3-10-24.8-.4-34.3z\"><\/path><\/svg>\t\t\t<\/a>\n\t\t<\/div>\n\t\t\t\t\t\t<\/div>\n\t\t\t\t<\/div>\n\t\t\t\t\t<\/div>\n\t\t\t\t<\/div>\n\t\t<div class=\"elementor-element elementor-element-e58b849 e-con-full e-flex e-con e-parent\" data-id=\"e58b849\" data-element_type=\"container\">\n\t\t<div class=\"elementor-element elementor-element-f82e3b1 e-con-full e-flex e-con e-child\" data-id=\"f82e3b1\" data-element_type=\"container\" data-settings=\"{&quot;background_background&quot;:&quot;classic&quot;}\">\n\t\t\t\t<div class=\"elementor-element elementor-element-7319389 elementor-widget__width-initial elementor-widget elementor-widget-heading\" data-id=\"7319389\" data-element_type=\"widget\" data-widget_type=\"heading.default\">\n\t\t\t\t\t<div class=\"elementor-heading-title elementor-size-default\">Mes comp\u00e9tences au service de votre projet, pour transformer vos id\u00e9es en visuels uniques<\/div>\t\t\t\t<\/div>\n\t\t\t\t<div class=\"elementor-element elementor-element-c2f2927 elementor-view-framed elementor-shape-circle elementor-widget elementor-widget-icon\" data-id=\"c2f2927\" data-element_type=\"widget\" data-widget_type=\"icon.default\">\n\t\t\t\t\t\t\t<div class=\"elementor-icon-wrapper\">\n\t\t\t<a class=\"elementor-icon elementor-animation-grow\" href=\"https:\/\/arsenevacher.alwaysdata.net\/pro\/?page_id=135\">\n\t\t\t<svg aria-hidden=\"true\" class=\"e-font-icon-svg e-fas-arrow-right\" viewBox=\"0 0 448 512\" xmlns=\"http:\/\/www.w3.org\/2000\/svg\"><path d=\"M190.5 66.9l22.2-22.2c9.4-9.4 24.6-9.4 33.9 0L441 239c9.4 9.4 9.4 24.6 0 33.9L246.6 467.3c-9.4 9.4-24.6 9.4-33.9 0l-22.2-22.2c-9.5-9.5-9.3-25 .4-34.3L311.4 296H24c-13.3 0-24-10.7-24-24v-32c0-13.3 10.7-24 24-24h287.4L190.9 101.2c-9.8-9.3-10-24.8-.4-34.3z\"><\/path><\/svg>\t\t\t<\/a>\n\t\t<\/div>\n\t\t\t\t\t\t<\/div>\n\t\t\t\t<\/div>\n\t\t\t\t<\/div>\n\t\t<div class=\"elementor-element elementor-element-2319738 e-con-full e-flex e-con e-parent\" data-id=\"2319738\" data-element_type=\"container\">\n\t\t\t\t<div class=\"elementor-element elementor-element-a9cbcc1 elementor-widget__width-initial elementor-widget elementor-widget-heading\" data-id=\"a9cbcc1\" data-element_type=\"widget\" data-widget_type=\"heading.default\">\n\t\t\t\t\t<h2 class=\"elementor-heading-title elementor-size-default\">Vous avez un projet, une id\u00e9e ou simplement l\u2019envie d\u2019\u00e9changer sur une collaboration ? N\u2019h\u00e9sitez pas \u00e0 me contacter pour qu\u2019on discute, partager vos id\u00e9es et voir ensemble comment les transformer en cr\u00e9ations uniques\u2026<\/h2>\t\t\t\t<\/div>\n\t\t\t\t<div class=\"elementor-element elementor-element-6d91f11 elementor-widget elementor-widget-button\" data-id=\"6d91f11\" data-element_type=\"widget\" data-widget_type=\"button.default\">\n\t\t\t\t\t\t\t\t\t\t<a class=\"elementor-button elementor-button-link elementor-size-sm elementor-animation-grow\" href=\"https:\/\/arsenevacher.alwaysdata.net\/pro\/?page_id=139\">\n\t\t\t\t\t\t<span class=\"elementor-button-content-wrapper\">\n\t\t\t\t\t\t\t\t\t<span class=\"elementor-button-text\">Contact<\/span>\n\t\t\t\t\t<\/span>\n\t\t\t\t\t<\/a>\n\t\t\t\t\t\t\t\t<\/div>\n\t\t\t\t<\/div>\n\t\t<div class=\"elementor-element elementor-element-bc4d614 e-flex e-con-boxed e-con e-parent\" data-id=\"bc4d614\" data-element_type=\"container\">\n\t\t\t\t\t<div class=\"e-con-inner\">\n\t\t\t\t<div class=\"elementor-element elementor-element-04640f5 elementor-widget elementor-widget-heading\" data-id=\"04640f5\" data-element_type=\"widget\" data-widget_type=\"heading.default\">\n\t\t\t\t\t<h2 class=\"elementor-heading-title elementor-size-default\">Copyright \u00a9 2025. Tous droits r\u00e9serv\u00e9s.<\/h2>\t\t\t\t<\/div>\n\t\t\t\t<div class=\"elementor-element elementor-element-92d8546 elementor-widget elementor-widget-heading\" data-id=\"92d8546\" data-element_type=\"widget\" data-widget_type=\"heading.default\">\n\t\t\t\t\t<h2 class=\"elementor-heading-title elementor-size-default\"><a href=\"https:\/\/arsenevacher.alwaysdata.net\/pro\/?page_id=160\">Mentions l\u00e9gales\u200b<\/a><\/h2>\t\t\t\t<\/div>\n\t\t\t\t\t<\/div>\n\t\t\t\t<\/div>\n\t\t\t\t<\/div>\n\t\t","protected":false},"excerpt":{"rendered":"<p>Services Travail Contact ARS\u00c8NE VACHER \u00a0\u00bb Graphiste freelance \u00ab\u00a0 Services Mes comp\u00e9tences au service de votre projet, pour transformer vos id\u00e9es en visuels uniques Vous avez un projet, une id\u00e9e ou simplement l\u2019envie d\u2019\u00e9changer sur une collaboration ? N\u2019h\u00e9sitez pas \u00e0 me contacter pour qu\u2019on discute, partager vos id\u00e9es et voir ensemble comment les transformer [&hellip;]<\/p>\n","protected":false},"author":1,"featured_media":0,"parent":0,"menu_order":0,"comment_status":"closed","ping_status":"closed","template":"elementor_canvas","meta":{"footnotes":""},"class_list":["post-15","page","type-page","status-publish","hentry"],"_links":{"self":[{"href":"https:\/\/arsenevacher.alwaysdata.net\/pro\/index.php?rest_route=\/wp\/v2\/pages\/15","targetHints":{"allow":["GET"]}}],"collection":[{"href":"https:\/\/arsenevacher.alwaysdata.net\/pro\/index.php?rest_route=\/wp\/v2\/pages"}],"about":[{"href":"https:\/\/arsenevacher.alwaysdata.net\/pro\/index.php?rest_route=\/wp\/v2\/types\/page"}],"author":[{"embeddable":true,"href":"https:\/\/arsenevacher.alwaysdata.net\/pro\/index.php?rest_route=\/wp\/v2\/users\/1"}],"replies":[{"embeddable":true,"href":"https:\/\/arsenevacher.alwaysdata.net\/pro\/index.php?rest_route=%2Fwp%2Fv2%2Fcomments&post=15"}],"version-history":[{"count":232,"href":"https:\/\/arsenevacher.alwaysdata.net\/pro\/index.php?rest_route=\/wp\/v2\/pages\/15\/revisions"}],"predecessor-version":[{"id":719,"href":"https:\/\/arsenevacher.alwaysdata.net\/pro\/index.php?rest_route=\/wp\/v2\/pages\/15\/revisions\/719"}],"wp:attachment":[{"href":"https:\/\/arsenevacher.alwaysdata.net\/pro\/index.php?rest_route=%2Fwp%2Fv2%2Fmedia&parent=15"}],"curies":[{"name":"wp","href":"https:\/\/api.w.org\/{rel}","templated":true}]}}