{"id":139,"date":"2025-09-04T15:25:00","date_gmt":"2025-09-04T15:25:00","guid":{"rendered":"https:\/\/arsenevacher.alwaysdata.net\/pro\/?page_id=139"},"modified":"2025-10-19T16:45:59","modified_gmt":"2025-10-19T16:45:59","slug":"contact","status":"publish","type":"page","link":"https:\/\/arsenevacher.alwaysdata.net\/pro\/?page_id=139","title":{"rendered":"Contact"},"content":{"rendered":"\t\t<div data-elementor-type=\"wp-page\" data-elementor-id=\"139\" class=\"elementor elementor-139\">\n\t\t\t\t<div class=\"elementor-element elementor-element-dc8ef6b e-flex e-con-boxed e-con e-parent\" data-id=\"dc8ef6b\" data-element_type=\"container\">\n\t\t\t\t\t<div class=\"e-con-inner\">\n\t\t<div class=\"elementor-element elementor-element-2bdb034 e-con-full e-flex e-con e-child\" data-id=\"2bdb034\" data-element_type=\"container\" data-settings=\"{&quot;background_background&quot;:&quot;classic&quot;,&quot;position&quot;:&quot;fixed&quot;}\">\n\t\t\t\t<div class=\"elementor-element elementor-element-af687b8 elementor-widget__width-initial elementor-widget elementor-widget-image\" data-id=\"af687b8\" data-element_type=\"widget\" data-widget_type=\"image.default\">\n\t\t\t\t\t\t\t\t\t\t\t\t\t\t\t\t<a href=\"https:\/\/arsenevacher.alwaysdata.net\/pro\/\">\n\t\t\t\t\t\t\t<img decoding=\"async\" src=\"https:\/\/arsenevacher.alwaysdata.net\/pro\/wp-content\/uploads\/2025\/09\/Logo-06.png\" title=\"Logo-06\" alt=\"Logo-06\" class=\"elementor-animation-grow\" loading=\"lazy\" \/>\t\t\t\t\t\t\t\t<\/a>\n\t\t\t\t\t\t\t\t\t\t\t\t\t\t\t<\/div>\n\t\t<div class=\"elementor-element elementor-element-a479564 e-con-full e-flex e-con e-child\" data-id=\"a479564\" data-element_type=\"container\">\n\t\t\t\t<div class=\"elementor-element elementor-element-9e63e92 elementor-widget elementor-widget-heading\" data-id=\"9e63e92\" data-element_type=\"widget\" data-widget_type=\"heading.default\">\n\t\t\t\t\t<h2 class=\"elementor-heading-title elementor-size-default\"><a href=\"https:\/\/arsenevacher.alwaysdata.net\/pro\/?page_id=137\">Services<\/a><\/h2>\t\t\t\t<\/div>\n\t\t\t\t<div class=\"elementor-element elementor-element-66ed22b elementor-widget elementor-widget-heading\" data-id=\"66ed22b\" data-element_type=\"widget\" data-widget_type=\"heading.default\">\n\t\t\t\t\t<h2 class=\"elementor-heading-title elementor-size-default\"><a href=\"https:\/\/arsenevacher.alwaysdata.net\/pro\/?page_id=135\">Travail<\/a><\/h2>\t\t\t\t<\/div>\n\t\t\t\t<div class=\"elementor-element elementor-element-5268215 elementor-widget elementor-widget-heading\" data-id=\"5268215\" data-element_type=\"widget\" data-widget_type=\"heading.default\">\n\t\t\t\t\t<h2 class=\"elementor-heading-title elementor-size-default\"><a href=\"https:\/\/arsenevacher.alwaysdata.net\/pro\/?page_id=139\">Contact<\/a><\/h2>\t\t\t\t<\/div>\n\t\t\t\t<\/div>\n\t\t\t\t<\/div>\n\t\t<div class=\"elementor-element elementor-element-639f362 e-con-full e-flex e-con e-child\" data-id=\"639f362\" data-element_type=\"container\">\n\t\t\t\t<div class=\"elementor-element elementor-element-d79030d elementor-widget elementor-widget-heading\" data-id=\"d79030d\" data-element_type=\"widget\" data-widget_type=\"heading.default\">\n\t\t\t\t\t<h2 class=\"elementor-heading-title elementor-size-default\">cONTACT<\/h2>\t\t\t\t<\/div>\n\t\t\t\t<div class=\"elementor-element elementor-element-27f2b61 elementor-widget__width-initial elementor-widget elementor-widget-heading\" data-id=\"27f2b61\" data-element_type=\"widget\" data-widget_type=\"heading.default\">\n\t\t\t\t\t<h2 class=\"elementor-heading-title elementor-size-default\">Vous avez <b>un projet<\/b>, <b>une id\u00e9e<\/b> ou simplement l\u2019<b>envie d\u2019\u00e9changer<\/b> sur une <b>collaboration<\/b> ? N\u2019h\u00e9sitez pas \u00e0 me <b>contacter<\/b> pour que nous puissions en discuter plus en d\u00e9tail. Nous pourrons <b>partager vos id\u00e9es<\/b>, r\u00e9fl\u00e9chir ensemble aux meilleures <b>solutions<\/b> et explorer diff\u00e9rentes <b>pistes cr\u00e9atives<\/b> afin de les transformer en <b>cr\u00e9ations uniques<\/b> et adapt\u00e9es \u00e0 <b>vos<\/b> besoins.<\/h2>\t\t\t\t<\/div>\n\t\t\t\t<div class=\"elementor-element elementor-element-183d771 elementor-widget__width-initial elementor-widget elementor-widget-heading\" data-id=\"183d771\" data-element_type=\"widget\" data-widget_type=\"heading.default\">\n\t\t\t\t\t<h2 class=\"elementor-heading-title elementor-size-default\">Vous pouvez me joindre directement par e-mail ou par t\u00e9l\u00e9phone.<\/h2>\t\t\t\t<\/div>\n\t\t<div class=\"elementor-element elementor-element-bda788c e-con-full e-flex e-con e-child\" data-id=\"bda788c\" data-element_type=\"container\">\n\t\t\t\t<div class=\"elementor-element elementor-element-467257e elementor-widget elementor-widget-button\" data-id=\"467257e\" data-element_type=\"widget\" data-widget_type=\"button.default\">\n\t\t\t\t\t\t\t\t\t\t<a class=\"elementor-button elementor-button-link elementor-size-sm\" href=\"mailto:a.vacherpro@gmail.com\">\n\t\t\t\t\t\t<span class=\"elementor-button-content-wrapper\">\n\t\t\t\t\t\t<span class=\"elementor-button-icon\">\n\t\t\t\t<svg aria-hidden=\"true\" class=\"e-font-icon-svg e-far-envelope\" viewBox=\"0 0 512 512\" xmlns=\"http:\/\/www.w3.org\/2000\/svg\"><path d=\"M464 64H48C21.49 64 0 85.49 0 112v288c0 26.51 21.49 48 48 48h416c26.51 0 48-21.49 48-48V112c0-26.51-21.49-48-48-48zm0 48v40.805c-22.422 18.259-58.168 46.651-134.587 106.49-16.841 13.247-50.201 45.072-73.413 44.701-23.208.375-56.579-31.459-73.413-44.701C106.18 199.465 70.425 171.067 48 152.805V112h416zM48 400V214.398c22.914 18.251 55.409 43.862 104.938 82.646 21.857 17.205 60.134 55.186 103.062 54.955 42.717.231 80.509-37.199 103.053-54.947 49.528-38.783 82.032-64.401 104.947-82.653V400H48z\"><\/path><\/svg>\t\t\t<\/span>\n\t\t\t\t\t\t\t\t\t<span class=\"elementor-button-text\">a.vacherpro@gmail.com<\/span>\n\t\t\t\t\t<\/span>\n\t\t\t\t\t<\/a>\n\t\t\t\t\t\t\t\t<\/div>\n\t\t\t\t<div class=\"elementor-element elementor-element-dc2f1e4 elementor-widget elementor-widget-button\" data-id=\"dc2f1e4\" data-element_type=\"widget\" data-widget_type=\"button.default\">\n\t\t\t\t\t\t\t\t\t\t<a class=\"elementor-button elementor-button-link elementor-size-sm\" href=\"tel:+33685293397\">\n\t\t\t\t\t\t<span class=\"elementor-button-content-wrapper\">\n\t\t\t\t\t\t<span class=\"elementor-button-icon\">\n\t\t\t\t<svg aria-hidden=\"true\" class=\"e-font-icon-svg e-fas-phone\" viewBox=\"0 0 512 512\" xmlns=\"http:\/\/www.w3.org\/2000\/svg\"><path d=\"M493.4 24.6l-104-24c-11.3-2.6-22.9 3.3-27.5 13.9l-48 112c-4.2 9.8-1.4 21.3 6.9 28l60.6 49.6c-36 76.7-98.9 140.5-177.2 177.2l-49.6-60.6c-6.8-8.3-18.2-11.1-28-6.9l-112 48C3.9 366.5-2 378.1.6 389.4l24 104C27.1 504.2 36.7 512 48 512c256.1 0 464-207.5 464-464 0-11.2-7.7-20.9-18.6-23.4z\"><\/path><\/svg>\t\t\t<\/span>\n\t\t\t\t\t\t\t\t\t<span class=\"elementor-button-text\">+33 6 85 29 33 97<\/span>\n\t\t\t\t\t<\/span>\n\t\t\t\t\t<\/a>\n\t\t\t\t\t\t\t\t<\/div>\n\t\t\t\t<\/div>\n\t\t\t\t<\/div>\n\t\t<div class=\"elementor-element elementor-element-f71f636 e-con-full e-flex e-con e-child\" data-id=\"f71f636\" data-element_type=\"container\">\n\t\t\t\t<div class=\"elementor-element elementor-element-a8febed elementor-widget elementor-widget-heading\" data-id=\"a8febed\" data-element_type=\"widget\" data-widget_type=\"heading.default\">\n\t\t\t\t\t<h2 class=\"elementor-heading-title elementor-size-default\">Copyright \u00a9 2025. Tous droits r\u00e9serv\u00e9s.<\/h2>\t\t\t\t<\/div>\n\t\t\t\t<div class=\"elementor-element elementor-element-8c7e19a elementor-widget elementor-widget-heading\" data-id=\"8c7e19a\" data-element_type=\"widget\" data-widget_type=\"heading.default\">\n\t\t\t\t\t<h2 class=\"elementor-heading-title elementor-size-default\"><a href=\"https:\/\/arsenevacher.alwaysdata.net\/pro\/?page_id=160\">Mentions l\u00e9gales\u200b<\/a><\/h2>\t\t\t\t<\/div>\n\t\t\t\t<\/div>\n\t\t\t\t\t<\/div>\n\t\t\t\t<\/div>\n\t\t\t\t<\/div>\n\t\t","protected":false},"excerpt":{"rendered":"<p>Services Travail Contact cONTACT Vous avez un projet, une id\u00e9e ou simplement l\u2019envie d\u2019\u00e9changer sur une collaboration ? N\u2019h\u00e9sitez pas \u00e0 me contacter pour que nous puissions en discuter plus en d\u00e9tail. Nous pourrons partager vos id\u00e9es, r\u00e9fl\u00e9chir ensemble aux meilleures solutions et explorer diff\u00e9rentes pistes cr\u00e9atives afin de les transformer en cr\u00e9ations uniques et [&hellip;]<\/p>\n","protected":false},"author":1,"featured_media":0,"parent":0,"menu_order":0,"comment_status":"closed","ping_status":"closed","template":"elementor_canvas","meta":{"footnotes":""},"class_list":["post-139","page","type-page","status-publish","hentry"],"_links":{"self":[{"href":"https:\/\/arsenevacher.alwaysdata.net\/pro\/index.php?rest_route=\/wp\/v2\/pages\/139","targetHints":{"allow":["GET"]}}],"collection":[{"href":"https:\/\/arsenevacher.alwaysdata.net\/pro\/index.php?rest_route=\/wp\/v2\/pages"}],"about":[{"href":"https:\/\/arsenevacher.alwaysdata.net\/pro\/index.php?rest_route=\/wp\/v2\/types\/page"}],"author":[{"embeddable":true,"href":"https:\/\/arsenevacher.alwaysdata.net\/pro\/index.php?rest_route=\/wp\/v2\/users\/1"}],"replies":[{"embeddable":true,"href":"https:\/\/arsenevacher.alwaysdata.net\/pro\/index.php?rest_route=%2Fwp%2Fv2%2Fcomments&post=139"}],"version-history":[{"count":67,"href":"https:\/\/arsenevacher.alwaysdata.net\/pro\/index.php?rest_route=\/wp\/v2\/pages\/139\/revisions"}],"predecessor-version":[{"id":713,"href":"https:\/\/arsenevacher.alwaysdata.net\/pro\/index.php?rest_route=\/wp\/v2\/pages\/139\/revisions\/713"}],"wp:attachment":[{"href":"https:\/\/arsenevacher.alwaysdata.net\/pro\/index.php?rest_route=%2Fwp%2Fv2%2Fmedia&parent=139"}],"curies":[{"name":"wp","href":"https:\/\/api.w.org\/{rel}","templated":true}]}}