{"id":137,"date":"2025-09-04T15:24:50","date_gmt":"2025-09-04T15:24:50","guid":{"rendered":"https:\/\/arsenevacher.alwaysdata.net\/pro\/?page_id=137"},"modified":"2025-09-24T18:48:20","modified_gmt":"2025-09-24T18:48:20","slug":"a-propos","status":"publish","type":"page","link":"https:\/\/arsenevacher.alwaysdata.net\/pro\/?page_id=137","title":{"rendered":"\u00c0 propos"},"content":{"rendered":"\t\t<div data-elementor-type=\"wp-page\" data-elementor-id=\"137\" class=\"elementor elementor-137\">\n\t\t\t\t<div class=\"elementor-element elementor-element-7a83533 e-flex e-con-boxed e-con e-parent\" data-id=\"7a83533\" data-element_type=\"container\">\n\t\t\t\t\t<div class=\"e-con-inner\">\n\t\t<div class=\"elementor-element elementor-element-3b9342f e-con-full e-flex e-con e-child\" data-id=\"3b9342f\" data-element_type=\"container\" data-settings=\"{&quot;background_background&quot;:&quot;classic&quot;,&quot;position&quot;:&quot;fixed&quot;}\">\n\t\t\t\t<div class=\"elementor-element elementor-element-48aa580 elementor-widget__width-initial elementor-widget elementor-widget-image\" data-id=\"48aa580\" data-element_type=\"widget\" data-widget_type=\"image.default\">\n\t\t\t\t\t\t\t\t\t\t\t\t\t\t\t\t<a href=\"https:\/\/arsenevacher.alwaysdata.net\/pro\/\">\n\t\t\t\t\t\t\t<img decoding=\"async\" src=\"https:\/\/arsenevacher.alwaysdata.net\/pro\/wp-content\/uploads\/2025\/09\/Logo-06.png\" title=\"Logo-06\" alt=\"Logo-06\" class=\"elementor-animation-grow\" loading=\"lazy\" \/>\t\t\t\t\t\t\t\t<\/a>\n\t\t\t\t\t\t\t\t\t\t\t\t\t\t\t<\/div>\n\t\t<div class=\"elementor-element elementor-element-705dd60 e-con-full e-flex e-con e-child\" data-id=\"705dd60\" data-element_type=\"container\">\n\t\t\t\t<div class=\"elementor-element elementor-element-9494515 elementor-widget elementor-widget-heading\" data-id=\"9494515\" data-element_type=\"widget\" data-widget_type=\"heading.default\">\n\t\t\t\t\t<h2 class=\"elementor-heading-title elementor-size-default\"><a href=\"https:\/\/arsenevacher.alwaysdata.net\/pro\/?page_id=137\">Services<\/a><\/h2>\t\t\t\t<\/div>\n\t\t\t\t<div class=\"elementor-element elementor-element-a3e44e8 elementor-widget elementor-widget-heading\" data-id=\"a3e44e8\" data-element_type=\"widget\" data-widget_type=\"heading.default\">\n\t\t\t\t\t<h2 class=\"elementor-heading-title elementor-size-default\"><a href=\"https:\/\/arsenevacher.alwaysdata.net\/pro\/?page_id=135\">Travail<\/a><\/h2>\t\t\t\t<\/div>\n\t\t\t\t<div class=\"elementor-element elementor-element-617124a elementor-widget elementor-widget-heading\" data-id=\"617124a\" data-element_type=\"widget\" data-widget_type=\"heading.default\">\n\t\t\t\t\t<h2 class=\"elementor-heading-title elementor-size-default\"><a href=\"https:\/\/arsenevacher.alwaysdata.net\/pro\/?page_id=139\">Contact<\/a><\/h2>\t\t\t\t<\/div>\n\t\t\t\t<\/div>\n\t\t\t\t<\/div>\n\t\t<div class=\"elementor-element elementor-element-261d943 e-con-full e-flex e-con e-child\" data-id=\"261d943\" data-element_type=\"container\">\n\t\t\t\t<div class=\"elementor-element elementor-element-943db7e elementor-widget elementor-widget-heading\" data-id=\"943db7e\" data-element_type=\"widget\" data-widget_type=\"heading.default\">\n\t\t\t\t\t<h2 class=\"elementor-heading-title elementor-size-default\">ARS\u00c8NE VACHER<\/h2>\t\t\t\t<\/div>\n\t\t\t\t<div class=\"elementor-element elementor-element-f0ac7c8 elementor-widget elementor-widget-heading\" data-id=\"f0ac7c8\" data-element_type=\"widget\" data-widget_type=\"heading.default\">\n\t\t\t\t\t<h2 class=\"elementor-heading-title elementor-size-default\">\" Graphiste freelance \"<\/h2>\t\t\t\t<\/div>\n\t\t\t\t<div class=\"elementor-element elementor-element-125322b elementor-widget__width-initial elementor-widget elementor-widget-heading\" data-id=\"125322b\" data-element_type=\"widget\" data-widget_type=\"heading.default\">\n\t\t\t\t\t<h2 class=\"elementor-heading-title elementor-size-default\"><p data-start=\"136\" data-end=\"601\">Et si je vous disais qu\u2019un cr\u00e9atif dipl\u00f4m\u00e9 en<b> MMI<\/b> peut donner une nouvelle dimension \u00e0 vos id\u00e9es ? Passionn\u00e9 par le <b>graphisme<\/b> et l\u2019<b>audiovisuel<\/b>, depuis plusieurs ann\u00e9es, j\u2019explore diff\u00e9rents univers visuels en m\u00ealant <b>rigueur technique<\/b> et <b>sens artistique<\/b>. En tant que <b>freelance<\/b>, j\u2019accompagne mes clients dans la cr\u00e9ation d\u2019identit\u00e9s visuelles, de supports de communication et de contenus audiovisuels percutants, en veillant toujours \u00e0 ce que chaque projet <b>refl\u00e8te pleinement leur vision<\/b>.<\/p><\/h2>\t\t\t\t<\/div>\n\t\t\t\t<\/div>\n\t\t<div class=\"elementor-element elementor-element-bad9c2f e-con-full e-flex e-con e-child\" data-id=\"bad9c2f\" data-element_type=\"container\">\n\t\t\t\t<div class=\"elementor-element elementor-element-9155a5d elementor-widget elementor-widget-heading\" data-id=\"9155a5d\" data-element_type=\"widget\" data-widget_type=\"heading.default\">\n\t\t\t\t\t<h2 class=\"elementor-heading-title elementor-size-default\">Services<\/h2>\t\t\t\t<\/div>\n\t\t<div class=\"elementor-element elementor-element-ec1d0d0 e-con-full e-flex e-con e-child\" data-id=\"ec1d0d0\" data-element_type=\"container\">\n\t\t<div class=\"elementor-element elementor-element-dca9dc4 e-con-full e-transform e-flex e-con e-child\" data-id=\"dca9dc4\" data-element_type=\"container\" data-settings=\"{&quot;_transform_scale_effect_hover&quot;:{&quot;unit&quot;:&quot;px&quot;,&quot;size&quot;:1.03,&quot;sizes&quot;:[]},&quot;_transform_scale_effect_hover_tablet&quot;:{&quot;unit&quot;:&quot;px&quot;,&quot;size&quot;:&quot;&quot;,&quot;sizes&quot;:[]},&quot;_transform_scale_effect_hover_mobile&quot;:{&quot;unit&quot;:&quot;px&quot;,&quot;size&quot;:&quot;&quot;,&quot;sizes&quot;:[]}}\">\n\t\t\t\t<div class=\"elementor-element elementor-element-44a87d4 elementor-widget__width-initial elementor-widget elementor-widget-heading\" data-id=\"44a87d4\" data-element_type=\"widget\" data-widget_type=\"heading.default\">\n\t\t\t\t\t<h2 class=\"elementor-heading-title elementor-size-default\">Design Graphique<\/h2>\t\t\t\t<\/div>\n\t\t\t\t<div class=\"elementor-element elementor-element-8126026 elementor-widget__width-initial elementor-widget elementor-widget-heading\" data-id=\"8126026\" data-element_type=\"widget\" data-widget_type=\"heading.default\">\n\t\t\t\t\t<h2 class=\"elementor-heading-title elementor-size-default\"><b>Cr\u00e9ation graphique<\/b> et <b>conception visuelle<\/b> pour supports <b>num\u00e9riques<\/b> et <b>imprim\u00e9s<\/b> : logos, chartes graphiques, identit\u00e9s visuelles, affiches, flyers et contenus pour la communication digitale. Des <b>cr\u00e9ations coh\u00e9rentes<\/b> et impactantes, <b>adapt\u00e9es \u00e0 chaque projet<\/b>.<\/h2>\t\t\t\t<\/div>\n\t\t\t\t<div class=\"elementor-element elementor-element-084a409 elementor-align-center elementor-widget__width-inherit elementor-fixed elementor-widget elementor-widget-button\" data-id=\"084a409\" data-element_type=\"widget\" data-settings=\"{&quot;_position&quot;:&quot;fixed&quot;}\" data-widget_type=\"button.default\">\n\t\t\t\t\t\t\t\t\t\t<a class=\"elementor-button elementor-button-link elementor-size-sm\" href=\"https:\/\/arsenevacher.alwaysdata.net\/pro\/?page_id=135#rg\">\n\t\t\t\t\t\t<span class=\"elementor-button-content-wrapper\">\n\t\t\t\t\t\t\t\t\t<span class=\"elementor-button-text\">1<\/span>\n\t\t\t\t\t<\/span>\n\t\t\t\t\t<\/a>\n\t\t\t\t\t\t\t\t<\/div>\n\t\t\t\t<\/div>\n\t\t<div class=\"elementor-element elementor-element-1da12a9 e-con-full e-transform e-flex e-con e-child\" data-id=\"1da12a9\" data-element_type=\"container\" data-settings=\"{&quot;_transform_scale_effect_hover&quot;:{&quot;unit&quot;:&quot;px&quot;,&quot;size&quot;:1.03,&quot;sizes&quot;:[]},&quot;_transform_scale_effect_hover_tablet&quot;:{&quot;unit&quot;:&quot;px&quot;,&quot;size&quot;:&quot;&quot;,&quot;sizes&quot;:[]},&quot;_transform_scale_effect_hover_mobile&quot;:{&quot;unit&quot;:&quot;px&quot;,&quot;size&quot;:&quot;&quot;,&quot;sizes&quot;:[]}}\">\n\t\t\t\t<div class=\"elementor-element elementor-element-a036cc2 elementor-widget__width-initial elementor-widget elementor-widget-heading\" data-id=\"a036cc2\" data-element_type=\"widget\" data-widget_type=\"heading.default\">\n\t\t\t\t\t<h2 class=\"elementor-heading-title elementor-size-default\">Supports &amp; Mise en Page<\/h2>\t\t\t\t<\/div>\n\t\t\t\t<div class=\"elementor-element elementor-element-1abfcf4 elementor-widget__width-initial elementor-widget elementor-widget-heading\" data-id=\"1abfcf4\" data-element_type=\"widget\" data-widget_type=\"heading.default\">\n\t\t\t\t\t<h2 class=\"elementor-heading-title elementor-size-default\"><b>Conception<\/b> et <b>mise en page<\/b> de supports <b>imprim\u00e9s<\/b> et <b>digitaux<\/b> : brochures, catalogues, plaquettes, magazines et documents institutionnels. Cr\u00e9ation de pr\u00e9sentations et supports visuels adapt\u00e9s \u00e0 <b>diff\u00e9rents contextes<\/b>, alliant <b>clart\u00e9<\/b>, <b>esth\u00e9tique<\/b> et <b>efficacit\u00e9<\/b>.<\/h2>\t\t\t\t<\/div>\n\t\t\t\t<div class=\"elementor-element elementor-element-f75eb07 elementor-align-center elementor-widget__width-inherit elementor-fixed elementor-widget elementor-widget-button\" data-id=\"f75eb07\" data-element_type=\"widget\" data-settings=\"{&quot;_position&quot;:&quot;fixed&quot;}\" data-widget_type=\"button.default\">\n\t\t\t\t\t\t\t\t\t\t<a class=\"elementor-button elementor-button-link elementor-size-sm\" href=\"https:\/\/arsenevacher.alwaysdata.net\/pro\/?page_id=135#rg\">\n\t\t\t\t\t\t<span class=\"elementor-button-content-wrapper\">\n\t\t\t\t\t\t\t\t\t<span class=\"elementor-button-text\">1<\/span>\n\t\t\t\t\t<\/span>\n\t\t\t\t\t<\/a>\n\t\t\t\t\t\t\t\t<\/div>\n\t\t\t\t<\/div>\n\t\t<div class=\"elementor-element elementor-element-a28c172 e-con-full e-transform e-flex e-con e-child\" data-id=\"a28c172\" data-element_type=\"container\" data-settings=\"{&quot;_transform_scale_effect_hover&quot;:{&quot;unit&quot;:&quot;px&quot;,&quot;size&quot;:1.03,&quot;sizes&quot;:[]},&quot;_transform_scale_effect_hover_tablet&quot;:{&quot;unit&quot;:&quot;px&quot;,&quot;size&quot;:&quot;&quot;,&quot;sizes&quot;:[]},&quot;_transform_scale_effect_hover_mobile&quot;:{&quot;unit&quot;:&quot;px&quot;,&quot;size&quot;:&quot;&quot;,&quot;sizes&quot;:[]}}\">\n\t\t\t\t<div class=\"elementor-element elementor-element-574fe3b elementor-widget__width-initial elementor-widget elementor-widget-heading\" data-id=\"574fe3b\" data-element_type=\"widget\" data-widget_type=\"heading.default\">\n\t\t\t\t\t<h2 class=\"elementor-heading-title elementor-size-default\">Motion Design<\/h2>\t\t\t\t<\/div>\n\t\t\t\t<div class=\"elementor-element elementor-element-65e1d92 elementor-widget__width-initial elementor-widget elementor-widget-heading\" data-id=\"65e1d92\" data-element_type=\"widget\" data-widget_type=\"heading.default\">\n\t\t\t\t\t<h2 class=\"elementor-heading-title elementor-size-default\">Production de <b>contenus multim\u00e9dias<\/b> vari\u00e9s : illustrations, visuels interactifs et cr\u00e9ations adapt\u00e9es au web. Conception de vid\u00e9os, animations et supports num\u00e9riques interactifs pour <b>enrichir<\/b> la <b>communication visuelle<\/b> et <b>dynamiser<\/b> la <b>pr\u00e9sence en ligne<\/b>.<\/h2>\t\t\t\t<\/div>\n\t\t\t\t<div class=\"elementor-element elementor-element-1c8b2b6 elementor-align-center elementor-widget__width-inherit elementor-fixed elementor-widget elementor-widget-button\" data-id=\"1c8b2b6\" data-element_type=\"widget\" data-settings=\"{&quot;_position&quot;:&quot;fixed&quot;}\" data-widget_type=\"button.default\">\n\t\t\t\t\t\t\t\t\t\t<a class=\"elementor-button elementor-button-link elementor-size-sm\" href=\"https:\/\/arsenevacher.alwaysdata.net\/pro\/?page_id=135#rg\">\n\t\t\t\t\t\t<span class=\"elementor-button-content-wrapper\">\n\t\t\t\t\t\t\t\t\t<span class=\"elementor-button-text\">1<\/span>\n\t\t\t\t\t<\/span>\n\t\t\t\t\t<\/a>\n\t\t\t\t\t\t\t\t<\/div>\n\t\t\t\t<\/div>\n\t\t<div class=\"elementor-element elementor-element-cb2bcd1 e-con-full e-transform e-flex e-con e-child\" data-id=\"cb2bcd1\" data-element_type=\"container\" data-settings=\"{&quot;_transform_scale_effect_hover&quot;:{&quot;unit&quot;:&quot;px&quot;,&quot;size&quot;:1.03,&quot;sizes&quot;:[]},&quot;_transform_scale_effect_hover_tablet&quot;:{&quot;unit&quot;:&quot;px&quot;,&quot;size&quot;:&quot;&quot;,&quot;sizes&quot;:[]},&quot;_transform_scale_effect_hover_mobile&quot;:{&quot;unit&quot;:&quot;px&quot;,&quot;size&quot;:&quot;&quot;,&quot;sizes&quot;:[]}}\">\n\t\t\t\t<div class=\"elementor-element elementor-element-2f7ab73 elementor-widget__width-initial elementor-widget elementor-widget-heading\" data-id=\"2f7ab73\" data-element_type=\"widget\" data-widget_type=\"heading.default\">\n\t\t\t\t\t<h2 class=\"elementor-heading-title elementor-size-default\">Retouche Photo<\/h2>\t\t\t\t<\/div>\n\t\t\t\t<div class=\"elementor-element elementor-element-3a58c9b elementor-widget__width-initial elementor-widget elementor-widget-heading\" data-id=\"3a58c9b\" data-element_type=\"widget\" data-widget_type=\"heading.default\">\n\t\t\t\t\t<h2 class=\"elementor-heading-title elementor-size-default\"><b>Retouche photo<\/b> et <b>am\u00e9lioration d\u2019images<\/b> : correction des couleurs, ajustement de la luminosit\u00e9 et du contraste, suppression d\u2019\u00e9l\u00e9ments ind\u00e9sirables et retouche esth\u00e9tique, pour <b>valoriser<\/b> les supports visuels destin\u00e9s \u00e0 la <b>communication<\/b>, aux <b>publications<\/b> ou aux <b>archives<\/b>.<\/h2>\t\t\t\t<\/div>\n\t\t\t\t<div class=\"elementor-element elementor-element-27c55f3 elementor-align-center elementor-widget__width-inherit elementor-fixed elementor-widget elementor-widget-button\" data-id=\"27c55f3\" data-element_type=\"widget\" data-settings=\"{&quot;_position&quot;:&quot;fixed&quot;}\" data-widget_type=\"button.default\">\n\t\t\t\t\t\t\t\t\t\t<a class=\"elementor-button elementor-button-link elementor-size-sm\" href=\"https:\/\/arsenevacher.alwaysdata.net\/pro\/?page_id=135#ph\">\n\t\t\t\t\t\t<span class=\"elementor-button-content-wrapper\">\n\t\t\t\t\t\t\t\t\t<span class=\"elementor-button-text\">1<\/span>\n\t\t\t\t\t<\/span>\n\t\t\t\t\t<\/a>\n\t\t\t\t\t\t\t\t<\/div>\n\t\t\t\t<\/div>\n\t\t<div class=\"elementor-element elementor-element-71829a4 e-con-full e-transform e-flex e-con e-child\" data-id=\"71829a4\" data-element_type=\"container\" data-settings=\"{&quot;_transform_scale_effect_hover&quot;:{&quot;unit&quot;:&quot;px&quot;,&quot;size&quot;:1.03,&quot;sizes&quot;:[]},&quot;_transform_scale_effect_hover_tablet&quot;:{&quot;unit&quot;:&quot;px&quot;,&quot;size&quot;:&quot;&quot;,&quot;sizes&quot;:[]},&quot;_transform_scale_effect_hover_mobile&quot;:{&quot;unit&quot;:&quot;px&quot;,&quot;size&quot;:&quot;&quot;,&quot;sizes&quot;:[]}}\">\n\t\t\t\t<div class=\"elementor-element elementor-element-8442d78 elementor-widget__width-initial elementor-widget elementor-widget-heading\" data-id=\"8442d78\" data-element_type=\"widget\" data-widget_type=\"heading.default\">\n\t\t\t\t\t<h2 class=\"elementor-heading-title elementor-size-default\">Photos &amp; Vid\u00e9os<\/h2>\t\t\t\t<\/div>\n\t\t\t\t<div class=\"elementor-element elementor-element-0028a9e elementor-widget__width-initial elementor-widget elementor-widget-heading\" data-id=\"0028a9e\" data-element_type=\"widget\" data-widget_type=\"heading.default\">\n\t\t\t\t\t<h2 class=\"elementor-heading-title elementor-size-default\"><b>Reportages<\/b> et <b>productions photo<\/b> : prises de vue professionnelles pour entreprises, \u00e9v\u00e9nements et industrie. R\u00e9alisation de portraits et reportages pour <b>valoriser l\u2019image<\/b>, avec possibilit\u00e9 de vid\u00e9os adapt\u00e9es aux besoins de communication sur tous supports. Cr\u00e9ation de contenus institutionnels, promotionnels et techniques, <b>pens\u00e9s pour chaque projet<\/b>.<\/h2>\t\t\t\t<\/div>\n\t\t\t\t<div class=\"elementor-element elementor-element-03a6e78 elementor-align-center elementor-widget__width-inherit elementor-fixed elementor-widget elementor-widget-button\" data-id=\"03a6e78\" data-element_type=\"widget\" data-settings=\"{&quot;_position&quot;:&quot;fixed&quot;}\" data-widget_type=\"button.default\">\n\t\t\t\t\t\t\t\t\t\t<a class=\"elementor-button elementor-button-link elementor-size-sm\" href=\"https:\/\/arsenevacher.alwaysdata.net\/pro\/?page_id=135#ph\">\n\t\t\t\t\t\t<span class=\"elementor-button-content-wrapper\">\n\t\t\t\t\t\t\t\t\t<span class=\"elementor-button-text\">1<\/span>\n\t\t\t\t\t<\/span>\n\t\t\t\t\t<\/a>\n\t\t\t\t\t\t\t\t<\/div>\n\t\t\t\t<\/div>\n\t\t<div class=\"elementor-element elementor-element-a5b0594 e-con-full e-transform e-flex e-con e-child\" data-id=\"a5b0594\" data-element_type=\"container\" data-settings=\"{&quot;_transform_scale_effect_hover&quot;:{&quot;unit&quot;:&quot;px&quot;,&quot;size&quot;:1.03,&quot;sizes&quot;:[]},&quot;_transform_scale_effect_hover_tablet&quot;:{&quot;unit&quot;:&quot;px&quot;,&quot;size&quot;:&quot;&quot;,&quot;sizes&quot;:[]},&quot;_transform_scale_effect_hover_mobile&quot;:{&quot;unit&quot;:&quot;px&quot;,&quot;size&quot;:&quot;&quot;,&quot;sizes&quot;:[]}}\">\n\t\t\t\t<div class=\"elementor-element elementor-element-6793663 elementor-widget__width-initial elementor-widget elementor-widget-heading\" data-id=\"6793663\" data-element_type=\"widget\" data-widget_type=\"heading.default\">\n\t\t\t\t\t<h2 class=\"elementor-heading-title elementor-size-default\">Mod\u00e9lisation 3D<\/h2>\t\t\t\t<\/div>\n\t\t\t\t<div class=\"elementor-element elementor-element-c7b0e60 elementor-widget__width-initial elementor-widget elementor-widget-heading\" data-id=\"c7b0e60\" data-element_type=\"widget\" data-widget_type=\"heading.default\">\n\t\t\t\t\t<h2 class=\"elementor-heading-title elementor-size-default\"><b>Cr\u00e9ation<\/b> et <b>animation 3D<\/b> : mod\u00e9lisation, texturing, \u00e9clairage et rendu d\u2019objets et environnements. R\u00e9alisation de contenus anim\u00e9s pour supports num\u00e9riques, vid\u00e9os promotionnelles, jeux, simulations ou pr\u00e9sentations interactives, afin d\u2019<b>enrichir<\/b> la communication visuelle et proposer des <b>exp\u00e9riences immersives et attractives<\/b>.<\/h2>\t\t\t\t<\/div>\n\t\t\t\t<div class=\"elementor-element elementor-element-79cd6e6 elementor-align-center elementor-widget__width-inherit elementor-fixed elementor-widget elementor-widget-button\" data-id=\"79cd6e6\" data-element_type=\"widget\" data-settings=\"{&quot;_position&quot;:&quot;fixed&quot;}\" data-widget_type=\"button.default\">\n\t\t\t\t\t\t\t\t\t\t<a class=\"elementor-button elementor-button-link elementor-size-sm\" href=\"https:\/\/arsenevacher.alwaysdata.net\/pro\/?page_id=135#3d\">\n\t\t\t\t\t\t<span class=\"elementor-button-content-wrapper\">\n\t\t\t\t\t\t\t\t\t<span class=\"elementor-button-text\">1<\/span>\n\t\t\t\t\t<\/span>\n\t\t\t\t\t<\/a>\n\t\t\t\t\t\t\t\t<\/div>\n\t\t\t\t<\/div>\n\t\t<div class=\"elementor-element elementor-element-7576d32 e-con-full e-flex e-con e-child\" data-id=\"7576d32\" data-element_type=\"container\">\n\t\t\t\t<div class=\"elementor-element elementor-element-264d109 elementor-widget__width-initial elementor-widget elementor-widget-heading\" data-id=\"264d109\" data-element_type=\"widget\" data-widget_type=\"heading.default\">\n\t\t\t\t\t<h2 class=\"elementor-heading-title elementor-size-default\">Pour toutes questions ou demandes compl\u00e9mentaires, n\u2019h\u00e9sitez pas \u00e0 me contacter...<\/h2>\t\t\t\t<\/div>\n\t\t\t\t<div class=\"elementor-element elementor-element-e03a016 elementor-widget elementor-widget-button\" data-id=\"e03a016\" data-element_type=\"widget\" data-widget_type=\"button.default\">\n\t\t\t\t\t\t\t\t\t\t<a class=\"elementor-button elementor-button-link elementor-size-sm elementor-animation-grow\" href=\"https:\/\/arsenevacher.alwaysdata.net\/pro\/?page_id=139\">\n\t\t\t\t\t\t<span class=\"elementor-button-content-wrapper\">\n\t\t\t\t\t\t\t\t\t<span class=\"elementor-button-text\">Contact<\/span>\n\t\t\t\t\t<\/span>\n\t\t\t\t\t<\/a>\n\t\t\t\t\t\t\t\t<\/div>\n\t\t\t\t<\/div>\n\t\t\t\t<\/div>\n\t\t\t\t<\/div>\n\t\t<div class=\"elementor-element elementor-element-8da0d99 e-con-full e-flex e-con e-child\" data-id=\"8da0d99\" data-element_type=\"container\">\n\t\t\t\t<div class=\"elementor-element elementor-element-c3a4ab2 elementor-widget elementor-widget-heading\" data-id=\"c3a4ab2\" data-element_type=\"widget\" data-widget_type=\"heading.default\">\n\t\t\t\t\t<h2 class=\"elementor-heading-title elementor-size-default\">Copyright \u00a9 2025. Tous droits r\u00e9serv\u00e9s.<\/h2>\t\t\t\t<\/div>\n\t\t\t\t<div class=\"elementor-element elementor-element-2745a8d elementor-widget elementor-widget-heading\" data-id=\"2745a8d\" data-element_type=\"widget\" data-widget_type=\"heading.default\">\n\t\t\t\t\t<h2 class=\"elementor-heading-title elementor-size-default\"><a href=\"https:\/\/arsenevacher.alwaysdata.net\/pro\/?page_id=160\">Mentions l\u00e9gales\u200b<\/a><\/h2>\t\t\t\t<\/div>\n\t\t\t\t<\/div>\n\t\t\t\t\t<\/div>\n\t\t\t\t<\/div>\n\t\t\t\t<\/div>\n\t\t","protected":false},"excerpt":{"rendered":"<p>Services Travail Contact ARS\u00c8NE VACHER \u00a0\u00bb Graphiste freelance \u00ab\u00a0 Et si je vous disais qu\u2019un cr\u00e9atif dipl\u00f4m\u00e9 en MMI peut donner une nouvelle dimension \u00e0 vos id\u00e9es ? Passionn\u00e9 par le graphisme et l\u2019audiovisuel, depuis plusieurs ann\u00e9es, j\u2019explore diff\u00e9rents univers visuels en m\u00ealant rigueur technique et sens artistique. En tant que freelance, j\u2019accompagne mes clients [&hellip;]<\/p>\n","protected":false},"author":1,"featured_media":0,"parent":0,"menu_order":0,"comment_status":"closed","ping_status":"closed","template":"elementor_canvas","meta":{"footnotes":""},"class_list":["post-137","page","type-page","status-publish","hentry"],"_links":{"self":[{"href":"https:\/\/arsenevacher.alwaysdata.net\/pro\/index.php?rest_route=\/wp\/v2\/pages\/137","targetHints":{"allow":["GET"]}}],"collection":[{"href":"https:\/\/arsenevacher.alwaysdata.net\/pro\/index.php?rest_route=\/wp\/v2\/pages"}],"about":[{"href":"https:\/\/arsenevacher.alwaysdata.net\/pro\/index.php?rest_route=\/wp\/v2\/types\/page"}],"author":[{"embeddable":true,"href":"https:\/\/arsenevacher.alwaysdata.net\/pro\/index.php?rest_route=\/wp\/v2\/users\/1"}],"replies":[{"embeddable":true,"href":"https:\/\/arsenevacher.alwaysdata.net\/pro\/index.php?rest_route=%2Fwp%2Fv2%2Fcomments&post=137"}],"version-history":[{"count":118,"href":"https:\/\/arsenevacher.alwaysdata.net\/pro\/index.php?rest_route=\/wp\/v2\/pages\/137\/revisions"}],"predecessor-version":[{"id":666,"href":"https:\/\/arsenevacher.alwaysdata.net\/pro\/index.php?rest_route=\/wp\/v2\/pages\/137\/revisions\/666"}],"wp:attachment":[{"href":"https:\/\/arsenevacher.alwaysdata.net\/pro\/index.php?rest_route=%2Fwp%2Fv2%2Fmedia&parent=137"}],"curies":[{"name":"wp","href":"https:\/\/api.w.org\/{rel}","templated":true}]}}